{"id":871,"date":"2021-10-20T20:41:06","date_gmt":"2021-10-20T20:41:06","guid":{"rendered":"https:\/\/mein-dach.biz\/de\/v2\/?page_id=871"},"modified":"2022-06-21T08:23:43","modified_gmt":"2022-06-21T08:23:43","slug":"leistungen","status":"publish","type":"page","link":"https:\/\/mein-dach.biz\/de\/leistungen\/","title":{"rendered":"Leistungen"},"content":{"rendered":"<p>[et_pb_section fb_built=&#8220;1&#8243; _builder_version=&#8220;4.16&#8243; _module_preset=&#8220;default&#8220; background_color=&#8220;#312340&#8243; width=&#8220;90vw&#8220; width_tablet=&#8220;&#8220; width_phone=&#8220;100vw&#8220; width_last_edited=&#8220;on|phone&#8220; max_width=&#8220;2303px&#8220; module_alignment=&#8220;center&#8220; custom_margin=&#8220;||0px||false|false&#8220; custom_padding=&#8220;||0px||false|false&#8220; global_colors_info=&#8220;{}&#8220;][et_pb_row _builder_version=&#8220;4.16&#8243; _module_preset=&#8220;default&#8220; width=&#8220;100%&#8220; module_alignment=&#8220;right&#8220; custom_padding=&#8220;||0px|||&#8220; global_colors_info=&#8220;{}&#8220;][et_pb_column type=&#8220;4_4&#8243; _builder_version=&#8220;4.16&#8243; _module_preset=&#8220;default&#8220; global_colors_info=&#8220;{}&#8220;][et_pb_text _builder_version=&#8220;4.16&#8243; _module_preset=&#8220;default&#8220; header_text_align=&#8220;right&#8220; header_text_color=&#8220;#FFFFFF&#8220; header_line_height=&#8220;0.6em&#8220; custom_margin=&#8220;|-7px|||false|false&#8220; custom_padding=&#8220;|0px|||false|false&#8220; header_text_align_tablet=&#8220;&#8220; header_text_align_phone=&#8220;left&#8220; header_text_align_last_edited=&#8220;on|phone&#8220; global_colors_info=&#8220;{}&#8220;]<\/p>\n<h1>Leistungen<\/h1>\n<p>[\/et_pb_text][\/et_pb_column][\/et_pb_row][\/et_pb_section][et_pb_section fb_built=&#8220;1&#8243; _builder_version=&#8220;4.16&#8243; _module_preset=&#8220;default&#8220; width=&#8220;90vw&#8220; width_tablet=&#8220;&#8220; width_phone=&#8220;100vw&#8220; width_last_edited=&#8220;on|phone&#8220; max_width=&#8220;2303px&#8220; module_alignment=&#8220;center&#8220; custom_padding=&#8220;0px||0px|||&#8220; global_colors_info=&#8220;{}&#8220;][et_pb_row custom_padding_last_edited=&#8220;on|phone&#8220; _builder_version=&#8220;4.16&#8243; _module_preset=&#8220;default&#8220; width=&#8220;100%&#8220; max_width=&#8220;2303px&#8220; module_alignment=&#8220;right&#8220; custom_padding_tablet=&#8220;&#8220; custom_padding_phone=&#8220;10px||||false|false&#8220; global_colors_info=&#8220;{}&#8220;][et_pb_column type=&#8220;4_4&#8243; _builder_version=&#8220;4.16&#8243; _module_preset=&#8220;default&#8220; global_colors_info=&#8220;{}&#8220;][et_pb_text _builder_version=&#8220;4.16&#8243; _module_preset=&#8220;default&#8220; header_text_align=&#8220;left&#8220; header_2_text_align=&#8220;right&#8220; header_2_text_align_tablet=&#8220;&#8220; header_2_text_align_phone=&#8220;left&#8220; header_2_text_align_last_edited=&#8220;on|phone&#8220; header_2_font_size_tablet=&#8220;&#8220; header_2_font_size_phone=&#8220;24px&#8220; header_2_font_size_last_edited=&#8220;on|desktop&#8220; global_colors_info=&#8220;{}&#8220;]<\/p>\n<h2>Und, was k\u00f6nnen wir f\u00fcr Sie tun?<\/h2>\n<p>[\/et_pb_text][\/et_pb_column][\/et_pb_row][\/et_pb_section][et_pb_section fb_built=&#8220;1&#8243; _builder_version=&#8220;4.16&#8243; _module_preset=&#8220;default&#8220; use_background_color_gradient=&#8220;on&#8220; background_color_gradient_stops=&#8220;rgba(255,255,255,0.7) 0%|rgba(255,255,255,0.7) 100%&#8220; background_color_gradient_overlays_image=&#8220;on&#8220; background_color_gradient_start=&#8220;rgba(255,255,255,0.7)&#8220; background_color_gradient_end=&#8220;rgba(255,255,255,0.7)&#8220; background_enable_image=&#8220;off&#8220; width=&#8220;90vw&#8220; max_width=&#8220;2303px&#8220; module_alignment=&#8220;center&#8220; custom_margin=&#8220;0px||100px||false|false&#8220; custom_padding=&#8220;0px|||||&#8220; global_colors_info=&#8220;{}&#8220;][et_pb_row column_structure=&#8220;1_4,1_4,1_4,1_4&#8243; _builder_version=&#8220;4.16&#8243; _module_preset=&#8220;default&#8220; width=&#8220;90vw&#8220; max_width=&#8220;2303px&#8220; global_colors_info=&#8220;{}&#8220;][et_pb_column type=&#8220;1_4&#8243; _builder_version=&#8220;4.16&#8243; _module_preset=&#8220;default&#8220; global_colors_info=&#8220;{}&#8220;][et_pb_blurb title=&#8220;Dacheindeckungen&#8220; image=&#8220;https:\/\/mein-dach.biz\/de\/wp-content\/uploads\/2021\/10\/DuK_Icon_Dachdeckerei-2.svg&#8220; _builder_version=&#8220;4.16&#8243; _module_preset=&#8220;default&#8220; custom_margin=&#8220;||0px||false|false&#8220; custom_padding=&#8220;0px|0px|10px|0px|false|false&#8220; custom_css_blurb_image=&#8220;margin-bottom:0px!important;&#8220; global_colors_info=&#8220;{}&#8220;]<\/p>\n<p><span style=\"font-weight: 400;\">Wir sch\u00fctzen Ihr Dach vor Wind und Wetter und k\u00fcmmern uns um die Auswahl der Materialien.<\/span><\/p>\n<p>[\/et_pb_blurb][\/et_pb_column][et_pb_column type=&#8220;1_4&#8243; _builder_version=&#8220;4.16&#8243; _module_preset=&#8220;default&#8220; global_colors_info=&#8220;{}&#8220;][et_pb_blurb title=&#8220;Flachd\u00e4cher&#8220; image=&#8220;https:\/\/mein-dach.biz\/de\/wp-content\/uploads\/2021\/10\/DuK_Icon_Flachdach-2.svg&#8220; _builder_version=&#8220;4.16&#8243; _module_preset=&#8220;default&#8220; custom_margin=&#8220;||0px||false|false&#8220; custom_padding=&#8220;0px|0px|10px|0px|false|false&#8220; custom_css_blurb_image=&#8220;margin-bottom:0px!important;&#8220; global_colors_info=&#8220;{}&#8220;]<\/p>\n<p><span style=\"font-weight: 400;\">Neben den Arbeiten an Spitzd\u00e4chern bieten wir auch den Neubau und die Sanierung von Flachd\u00e4chern an. <\/span><\/p>\n<p>[\/et_pb_blurb][\/et_pb_column][et_pb_column type=&#8220;1_4&#8243; _builder_version=&#8220;4.16&#8243; _module_preset=&#8220;default&#8220; global_colors_info=&#8220;{}&#8220;][et_pb_blurb title=&#8220;Reparatur und Wartung&#8220; image=&#8220;https:\/\/mein-dach.biz\/de\/wp-content\/uploads\/2021\/11\/neu_Industriebedachung-Kopie.svg&#8220; _builder_version=&#8220;4.16&#8243; _module_preset=&#8220;default&#8220; custom_margin=&#8220;||0px||false|false&#8220; custom_padding=&#8220;0px|0px|10px|0px|false|false&#8220; custom_css_blurb_image=&#8220;margin-bottom:0px!important;&#8220; global_colors_info=&#8220;{}&#8220;]<span style=\"font-weight: 400;\">Wir reparieren und warten Ihr Dach damit langfristig keine gr\u00f6\u00dferen Sch\u00e4den entstehen.<\/span>[\/et_pb_blurb][\/et_pb_column][et_pb_column type=&#8220;1_4&#8243; _builder_version=&#8220;4.16&#8243; _module_preset=&#8220;default&#8220; global_colors_info=&#8220;{}&#8220;][et_pb_blurb title=&#8220;Dachfenster und Dachgauben&#8220; image=&#8220;https:\/\/mein-dach.biz\/de\/wp-content\/uploads\/2021\/11\/neu_Dachdeckerei.svg&#8220; _builder_version=&#8220;4.16&#8243; _module_preset=&#8220;default&#8220; custom_margin=&#8220;||0px||false|false&#8220; custom_padding=&#8220;0px|0px|10px|0px|false|false&#8220; custom_css_blurb_image=&#8220;margin-bottom:0px!important;&#8220; global_colors_info=&#8220;{}&#8220;]<\/p>\n<p><span style=\"font-weight: 400;\">Wir bringen mehr Tageslicht und Frischluft auf Dachb\u00f6den, Dachgeschosswohnungen und Lofts.<\/span><\/p>\n<p>[\/et_pb_blurb][\/et_pb_column][\/et_pb_row][et_pb_row column_structure=&#8220;1_4,1_4,1_4,1_4&#8243; _builder_version=&#8220;4.16&#8243; _module_preset=&#8220;default&#8220; width=&#8220;90vw&#8220; max_width=&#8220;2303px&#8220; custom_padding=&#8220;||0px|||&#8220; global_colors_info=&#8220;{}&#8220;][et_pb_column type=&#8220;1_4&#8243; _builder_version=&#8220;4.16&#8243; _module_preset=&#8220;default&#8220; global_colors_info=&#8220;{}&#8220;][et_pb_blurb title=&#8220;Kugelstrahlarbeiten&#8220; image=&#8220;https:\/\/mein-dach.biz\/de\/wp-content\/uploads\/2021\/11\/neu_Fenster-Gauben.svg&#8220; _builder_version=&#8220;4.16&#8243; _module_preset=&#8220;default&#8220; custom_margin=&#8220;||0px||false|false&#8220; custom_padding=&#8220;0px|0px|10px|0px|false|false&#8220; custom_css_blurb_image=&#8220;margin-bottom:0px!important;&#8220; global_colors_info=&#8220;{}&#8220;]<\/p>\n<p><span style=\"font-weight: 400;\">Kugelstrahlarbeiten sind die effizienteste Form der Oberfl\u00e4chenvorbereitung.<\/span><\/p>\n<p>[\/et_pb_blurb][\/et_pb_column][et_pb_column type=&#8220;1_4&#8243; _builder_version=&#8220;4.16&#8243; _module_preset=&#8220;default&#8220; global_colors_info=&#8220;{}&#8220;][et_pb_blurb title=&#8220;Gr\u00fcnd\u00e4cher&#8220; image=&#8220;https:\/\/mein-dach.biz\/de\/wp-content\/uploads\/2021\/10\/DuK_Icon_Gru\u0308ndach-2.svg&#8220; _builder_version=&#8220;4.16&#8243; _module_preset=&#8220;default&#8220; custom_margin=&#8220;||0px||false|false&#8220; custom_padding=&#8220;0px|0px|10px|0px|false|false&#8220; custom_css_blurb_image=&#8220;margin-bottom:0px!important;&#8220; global_colors_info=&#8220;{}&#8220;]<\/p>\n<p><span style=\"font-weight: 400;\">Die perfekte Symbiose von \u00d6konomie und \u00d6kologie. Wir k\u00fcmmern uns um die Planung und die Instandhaltung.<\/span><\/p>\n<p>[\/et_pb_blurb][\/et_pb_column][et_pb_column type=&#8220;1_4&#8243; _builder_version=&#8220;4.16&#8243; _module_preset=&#8220;default&#8220; global_colors_info=&#8220;{}&#8220;][et_pb_blurb title=&#8220;Kranvermietung&#8220; image=&#8220;https:\/\/mein-dach.biz\/de\/wp-content\/uploads\/2021\/10\/DuK_Icon_Kranvermietung-2.svg&#8220; _builder_version=&#8220;4.16&#8243; _module_preset=&#8220;default&#8220; custom_margin=&#8220;||0px||false|false&#8220; custom_padding=&#8220;0px|0px|10px|0px|false|false&#8220; custom_css_blurb_image=&#8220;margin-bottom:0px!important;&#8220; global_colors_info=&#8220;{}&#8220;]<\/p>\n<p><span style=\"font-weight: 400;\">Wir bieten Ihnen eine schnelle und kosteng\u00fcnstige M\u00f6glichkeit, einen Kran zu mieten. <\/span><\/p>\n<p>[\/et_pb_blurb][\/et_pb_column][et_pb_column type=&#8220;1_4&#8243; _builder_version=&#8220;4.16&#8243; _module_preset=&#8220;default&#8220; global_colors_info=&#8220;{}&#8220;][et_pb_blurb title=&#8220;Klempner- und Blecharbeiten&#8220; image=&#8220;https:\/\/mein-dach.biz\/de\/wp-content\/uploads\/2021\/11\/neu_Klempner-und-Blech.svg&#8220; _builder_version=&#8220;4.16&#8243; _module_preset=&#8220;default&#8220; custom_margin=&#8220;||0px||false|false&#8220; custom_padding=&#8220;0px|0px|10px|0px|false|false&#8220; custom_css_blurb_image=&#8220;margin-bottom:0px!important;&#8220; global_colors_info=&#8220;{}&#8220;]<\/p>\n<p><span>Wir erledigen s\u00e4mtliche Blecharbeiten im Bereich der Au\u00dfenentw\u00e4sserung und Mauerabdeckung.<\/span><\/p>\n<p>[\/et_pb_blurb][\/et_pb_column][\/et_pb_row][\/et_pb_section][et_pb_section fb_built=&#8220;1&#8243; _builder_version=&#8220;4.16&#8243; _module_preset=&#8220;default&#8220; background_image=&#8220;https:\/\/mein-dach.biz\/de\/wp-content\/uploads\/2021\/10\/hintergrund-dachdecker-besprechung.jpg&#8220; width=&#8220;90vw&#8220; width_tablet=&#8220;&#8220; width_phone=&#8220;100vw&#8220; width_last_edited=&#8220;on|phone&#8220; max_width=&#8220;2303px&#8220; max_width_tablet=&#8220;&#8220; max_width_phone=&#8220;100vw&#8220; max_width_last_edited=&#8220;on|phone&#8220; module_alignment=&#8220;center&#8220; custom_margin=&#8220;100px||100px||false|false&#8220; global_colors_info=&#8220;{}&#8220;][et_pb_row _builder_version=&#8220;4.16&#8243; _module_preset=&#8220;default&#8220; width=&#8220;100%&#8220; max_width=&#8220;2303px&#8220; global_colors_info=&#8220;{}&#8220;][et_pb_column type=&#8220;4_4&#8243; _builder_version=&#8220;4.16&#8243; _module_preset=&#8220;default&#8220; global_colors_info=&#8220;{}&#8220;][et_pb_text _builder_version=&#8220;4.16&#8243; _module_preset=&#8220;default&#8220; global_colors_info=&#8220;{}&#8220;]<\/p>\n<h6 style=\"text-align: center;\">|\u00a0 \u00a0 \u00a0 \u00a0 \u00a0 Von der Anfrage zur Umsetzung\u00a0 \u00a0 \u00a0 \u00a0 \u00a0 |<\/h6>\n<p>[\/et_pb_text][et_pb_text _builder_version=&#8220;4.16&#8243; _module_preset=&#8220;default&#8220; global_colors_info=&#8220;{}&#8220;]<\/p>\n<h2 style=\"text-align: center;\">In 4 Schritten zur Beauftragung<\/h2>\n<p>[\/et_pb_text][\/et_pb_column][\/et_pb_row][et_pb_row column_structure=&#8220;1_4,1_4,1_4,1_4&#8243; _builder_version=&#8220;4.16&#8243; _module_preset=&#8220;default&#8220; width=&#8220;85%&#8220; width_tablet=&#8220;&#8220; width_phone=&#8220;100%&#8220; width_last_edited=&#8220;on|phone&#8220; max_width=&#8220;90vw&#8220; max_width_tablet=&#8220;&#8220; max_width_phone=&#8220;100vw&#8220; max_width_last_edited=&#8220;on|phone&#8220; custom_margin=&#8220;||||false|false&#8220; global_colors_info=&#8220;{}&#8220;][et_pb_column type=&#8220;1_4&#8243; _builder_version=&#8220;4.16&#8243; _module_preset=&#8220;default&#8220; global_colors_info=&#8220;{}&#8220;][et_pb_blurb title=&#8220;Ihre Anfrage&#8220; image=&#8220;https:\/\/mein-dach.biz\/de\/wp-content\/uploads\/2021\/10\/schritt1.svg&#8220; image_icon_width=&#8220;8vw&#8220; image_icon_width_tablet=&#8220;8vw&#8220; image_icon_width_phone=&#8220;8vw&#8220; image_icon_width_last_edited=&#8220;on|phone&#8220; _builder_version=&#8220;4.16&#8243; _module_preset=&#8220;default&#8220; header_text_color=&#8220;#FFFFFF&#8220; body_text_color=&#8220;#FFFFFF&#8220; background_color=&#8220;#312340&#8243; custom_margin=&#8220;||||false|false&#8220; custom_margin_tablet=&#8220;&#8220; custom_margin_phone=&#8220;|3vw||3vw|false|false&#8220; custom_margin_last_edited=&#8220;on|desktop&#8220; custom_padding=&#8220;1vw|1vw|1vw|1vw|false|false&#8220; custom_padding_tablet=&#8220;&#8220; custom_padding_phone=&#8220;4vw|4vw|4vw|4vw|false|false&#8220; custom_padding_last_edited=&#8220;on|phone&#8220; image_max_width=&#8220;8vw&#8220; icon_font_size_tablet=&#8220;&#8220; icon_font_size_phone=&#8220;30vw&#8220; icon_font_size_last_edited=&#8220;on|phone&#8220; global_colors_info=&#8220;{}&#8220;]<\/p>\n<p><span style=\"font-weight: 400;\">Wir beraten Sie gerne bei einem unverbindlichen Erstgespr\u00e4ch rund um Ihr Projekt.<\/span><\/p>\n<p>[\/et_pb_blurb][\/et_pb_column][et_pb_column type=&#8220;1_4&#8243; _builder_version=&#8220;4.16&#8243; _module_preset=&#8220;default&#8220; global_colors_info=&#8220;{}&#8220;][et_pb_blurb title=&#8220;Begehung der Baustelle&#8220; image=&#8220;https:\/\/mein-dach.biz\/de\/wp-content\/uploads\/2021\/10\/schritt2.svg&#8220; image_icon_width=&#8220;8vw&#8220; image_icon_width_tablet=&#8220;8vw&#8220; image_icon_width_phone=&#8220;8vw&#8220; image_icon_width_last_edited=&#8220;on|phone&#8220; _builder_version=&#8220;4.16&#8243; _module_preset=&#8220;default&#8220; header_text_color=&#8220;#FFFFFF&#8220; body_text_color=&#8220;#FFFFFF&#8220; background_color=&#8220;#312340&#8243; custom_margin=&#8220;||||false|false&#8220; custom_margin_tablet=&#8220;&#8220; custom_margin_phone=&#8220;|3vw||3vw|false|false&#8220; custom_margin_last_edited=&#8220;on|desktop&#8220; custom_padding=&#8220;1vw|1vw|1vw|1vw|false|false&#8220; custom_padding_tablet=&#8220;&#8220; custom_padding_phone=&#8220;4vw|4vw|4vw|4vw|false|false&#8220; custom_padding_last_edited=&#8220;on|phone&#8220; image_max_width=&#8220;8vw&#8220; icon_font_size_tablet=&#8220;&#8220; icon_font_size_phone=&#8220;30vw&#8220; icon_font_size_last_edited=&#8220;on|phone&#8220; global_colors_info=&#8220;{}&#8220;]<\/p>\n<p><span style=\"font-weight: 400;\">Gemeinsam sichten wir Ihre Baustelle und verschaffen uns\u00a0 einen Eindruck \u00fcber die bevorstehenden Arbeiten.<\/span><\/p>\n<p>[\/et_pb_blurb][\/et_pb_column][et_pb_column type=&#8220;1_4&#8243; _builder_version=&#8220;4.16&#8243; _module_preset=&#8220;default&#8220; global_colors_info=&#8220;{}&#8220;][et_pb_blurb title=&#8220;Unser Angebot&#8220; image=&#8220;https:\/\/mein-dach.biz\/de\/wp-content\/uploads\/2021\/10\/schritt3.svg&#8220; image_icon_width=&#8220;8vw&#8220; image_icon_width_tablet=&#8220;8vw&#8220; image_icon_width_phone=&#8220;8vw&#8220; image_icon_width_last_edited=&#8220;on|phone&#8220; _builder_version=&#8220;4.16&#8243; _module_preset=&#8220;default&#8220; header_text_color=&#8220;#FFFFFF&#8220; body_text_color=&#8220;#FFFFFF&#8220; background_color=&#8220;#312340&#8243; custom_margin=&#8220;||||false|false&#8220; custom_margin_tablet=&#8220;&#8220; custom_margin_phone=&#8220;|3vw||3vw|false|false&#8220; custom_margin_last_edited=&#8220;on|desktop&#8220; custom_padding=&#8220;1vw|1vw|1vw|1vw|false|false&#8220; custom_padding_tablet=&#8220;&#8220; custom_padding_phone=&#8220;4vw|4vw|4vw|4vw|false|false&#8220; custom_padding_last_edited=&#8220;on|phone&#8220; image_max_width=&#8220;8vw&#8220; icon_font_size_tablet=&#8220;&#8220; icon_font_size_phone=&#8220;30vw&#8220; icon_font_size_last_edited=&#8220;on|phone&#8220; global_colors_info=&#8220;{}&#8220;]<\/p>\n<p><span style=\"font-weight: 400;\">Wir erstellen Ihnen ein faires und transparentes Angebot f\u00fcr die Umsetzung Ihres Projektes.<\/span><\/p>\n<p>[\/et_pb_blurb][\/et_pb_column][et_pb_column type=&#8220;1_4&#8243; _builder_version=&#8220;4.16&#8243; _module_preset=&#8220;default&#8220; global_colors_info=&#8220;{}&#8220;][et_pb_blurb title=&#8220;Finale Umsetzung&#8220; image=&#8220;https:\/\/mein-dach.biz\/de\/wp-content\/uploads\/2021\/10\/schritt4.svg&#8220; image_icon_width=&#8220;8vw&#8220; image_icon_width_tablet=&#8220;8vw&#8220; image_icon_width_phone=&#8220;8vw&#8220; image_icon_width_last_edited=&#8220;on|phone&#8220; _builder_version=&#8220;4.16&#8243; _module_preset=&#8220;default&#8220; header_text_color=&#8220;#FFFFFF&#8220; body_text_color=&#8220;#FFFFFF&#8220; background_color=&#8220;#312340&#8243; custom_margin=&#8220;||||false|false&#8220; custom_margin_tablet=&#8220;&#8220; custom_margin_phone=&#8220;|3vw||3vw|false|false&#8220; custom_margin_last_edited=&#8220;on|desktop&#8220; custom_padding=&#8220;1vw|1vw|1vw|1vw|false|false&#8220; custom_padding_tablet=&#8220;&#8220; custom_padding_phone=&#8220;4vw|4vw|4vw|4vw|false|false&#8220; custom_padding_last_edited=&#8220;on|phone&#8220; image_max_width=&#8220;8vw&#8220; icon_font_size_tablet=&#8220;&#8220; icon_font_size_phone=&#8220;30vw&#8220; icon_font_size_last_edited=&#8220;on|phone&#8220; global_colors_info=&#8220;{}&#8220;]<\/p>\n<p><span style=\"font-weight: 400;\">Nun packen wir es an und setzen Ihr Projekt fachgerecht und nach Ihren W\u00fcnschen f\u00fcr Sie um.<\/span><\/p>\n<p>[\/et_pb_blurb][\/et_pb_column][\/et_pb_row][et_pb_row _builder_version=&#8220;4.16&#8243; _module_preset=&#8220;default&#8220; global_colors_info=&#8220;{}&#8220;][et_pb_column type=&#8220;4_4&#8243; _builder_version=&#8220;4.16&#8243; _module_preset=&#8220;default&#8220; global_colors_info=&#8220;{}&#8220;][et_pb_button button_text=&#8220;Kontaktieren Sie uns&#8220; button_alignment=&#8220;center&#8220; _builder_version=&#8220;4.17.4&#8243; _module_preset=&#8220;default&#8220; custom_button=&#8220;on&#8220; button_text_size=&#8220;1vw&#8220; hover_enabled=&#8220;0&#8243; button_text_size_tablet=&#8220;2vw&#8220; button_text_size_phone=&#8220;6vw&#8220; button_text_size_last_edited=&#8220;on|phone&#8220; global_colors_info=&#8220;{}&#8220; button_url=&#8220;https:\/\/mein-dach.biz\/de\/kontakt\/&#8220; sticky_enabled=&#8220;0&#8243;][\/et_pb_button][\/et_pb_column][\/et_pb_row][\/et_pb_section]<\/p>\n","protected":false},"excerpt":{"rendered":"<p>LeistungenUnd, was k\u00f6nnen wir f\u00fcr Sie tun?Wir sch\u00fctzen Ihr Dach vor Wind und Wetter und k\u00fcmmern uns um die Auswahl der Materialien.Neben den Arbeiten an Spitzd\u00e4chern bieten wir auch den Neubau und die Sanierung von Flachd\u00e4chern an. Wir reparieren und warten Ihr Dach damit langfristig keine gr\u00f6\u00dferen Sch\u00e4den entstehen.Wir bringen mehr Tageslicht und Frischluft auf [&hellip;]<\/p>\n","protected":false},"author":1,"featured_media":0,"parent":0,"menu_order":0,"comment_status":"closed","ping_status":"closed","template":"","meta":{"_et_pb_use_builder":"on","_et_pb_old_content":"","_et_gb_content_width":"","inline_featured_image":false,"footnotes":""},"class_list":["post-871","page","type-page","status-publish","hentry"],"_links":{"self":[{"href":"https:\/\/mein-dach.biz\/de\/wp-json\/wp\/v2\/pages\/871","targetHints":{"allow":["GET"]}}],"collection":[{"href":"https:\/\/mein-dach.biz\/de\/wp-json\/wp\/v2\/pages"}],"about":[{"href":"https:\/\/mein-dach.biz\/de\/wp-json\/wp\/v2\/types\/page"}],"author":[{"embeddable":true,"href":"https:\/\/mein-dach.biz\/de\/wp-json\/wp\/v2\/users\/1"}],"replies":[{"embeddable":true,"href":"https:\/\/mein-dach.biz\/de\/wp-json\/wp\/v2\/comments?post=871"}],"version-history":[{"count":13,"href":"https:\/\/mein-dach.biz\/de\/wp-json\/wp\/v2\/pages\/871\/revisions"}],"predecessor-version":[{"id":1322,"href":"https:\/\/mein-dach.biz\/de\/wp-json\/wp\/v2\/pages\/871\/revisions\/1322"}],"wp:attachment":[{"href":"https:\/\/mein-dach.biz\/de\/wp-json\/wp\/v2\/media?parent=871"}],"curies":[{"name":"wp","href":"https:\/\/api.w.org\/{rel}","templated":true}]}}